{"id":399,"date":"2025-10-13T09:54:11","date_gmt":"2025-10-13T07:54:11","guid":{"rendered":"https:\/\/savae-gc.fr\/?page_id=399"},"modified":"2025-10-13T09:54:12","modified_gmt":"2025-10-13T07:54:12","slug":"mentions-legales","status":"publish","type":"page","link":"https:\/\/savae-gc.fr\/?page_id=399","title":{"rendered":"Mentions l\u00e9gales"},"content":{"rendered":"\n<p><strong>\u00c9diteur du site<\/strong><br>SAV\u00c6 &#8211; Structure Ad Vitam Aeternam<br>ZI de l\u2019\u00c9glantier, lot 203<\/p>\n\n\n\n<p>9, rue des Cerisiers &#8211; 91090 Lisses<br>06 77 20 03 74<br>ap@savae-gc.fr<br>SIRET : 911 417 715 00024<br>Responsable de la publication : ALEXANDRE PENHOET<\/p>\n\n\n\n<p><strong>H\u00e9bergement<\/strong><br>Le site est h\u00e9berg\u00e9 par :<br><strong>OVH SAS<\/strong><br>2 rue Kellermann \u2013 59100 Roubaix \u2013 France<br>T\u00e9l\u00e9phone : 1007 (depuis la France)<br>Site : <a>www.ovhcloud.com<\/a><\/p>\n\n\n\n<p><strong>Cr\u00e9dits<\/strong><br>Site r\u00e9alis\u00e9 par : Delphine Ramat<br>Cr\u00e9dits visuels : freepik<\/p>\n\n\n\n<p><strong>Droits d\u2019auteur \u2013 Copyright<\/strong><br>L\u2019ensemble des \u00e9l\u00e9ments pr\u00e9sents sur ce site (textes, images, logos, vid\u00e9os, etc.) sont la propri\u00e9t\u00e9 exclusive de SAV\u00c6, sauf mention contraire.<br>Toute reproduction, repr\u00e9sentation, modification, publication ou adaptation, totale ou partielle, de ces \u00e9l\u00e9ments est interdite sans autorisation pr\u00e9alable.<\/p>\n\n\n\n<p><strong>Protection des donn\u00e9es personnelles<\/strong><br>Ce site ne collecte pas de donn\u00e9es personnelles \u00e0 l\u2019insu des visiteurs. Les donn\u00e9es transmises via le formulaire de contact ne sont utilis\u00e9es que dans le cadre de la relation commerciale.<br>Conform\u00e9ment \u00e0 la loi \u00ab Informatique et Libert\u00e9s \u00bb et au RGPD, vous disposez d\u2019un droit d\u2019acc\u00e8s, de rectification ou de suppression des donn\u00e9es vous concernant. Pour exercer ce droit, contactez-nous \u00e0 l\u2019adresse suivante : [adresse email].<\/p>\n","protected":false},"excerpt":{"rendered":"<p>\u00c9diteur du siteSAV\u00c6 &#8211; Structure Ad Vitam AeternamZI de l\u2019\u00c9glantier, lot 203 9, rue des Cerisiers &#8211; 91090 Lisses06 77 20 03 74ap@savae-gc.frSIRET : 911 417 715 00024Responsable de la publication : ALEXANDRE PENHOET H\u00e9bergementLe site est h\u00e9berg\u00e9 par :OVH SAS2 rue Kellermann \u2013 59100 Roubaix \u2013 FranceT\u00e9l\u00e9phone : 1007 (depuis la France)Site : www.ovhcloud.com [&hellip;]<\/p>\n","protected":false},"author":1,"featured_media":0,"parent":0,"menu_order":0,"comment_status":"closed","ping_status":"closed","template":"","meta":{"_et_pb_use_builder":"off","_et_pb_old_content":"","_et_gb_content_width":"","footnotes":""},"class_list":["post-399","page","type-page","status-publish","hentry"],"_links":{"self":[{"href":"https:\/\/savae-gc.fr\/index.php?rest_route=\/wp\/v2\/pages\/399","targetHints":{"allow":["GET"]}}],"collection":[{"href":"https:\/\/savae-gc.fr\/index.php?rest_route=\/wp\/v2\/pages"}],"about":[{"href":"https:\/\/savae-gc.fr\/index.php?rest_route=\/wp\/v2\/types\/page"}],"author":[{"embeddable":true,"href":"https:\/\/savae-gc.fr\/index.php?rest_route=\/wp\/v2\/users\/1"}],"replies":[{"embeddable":true,"href":"https:\/\/savae-gc.fr\/index.php?rest_route=%2Fwp%2Fv2%2Fcomments&post=399"}],"version-history":[{"count":1,"href":"https:\/\/savae-gc.fr\/index.php?rest_route=\/wp\/v2\/pages\/399\/revisions"}],"predecessor-version":[{"id":400,"href":"https:\/\/savae-gc.fr\/index.php?rest_route=\/wp\/v2\/pages\/399\/revisions\/400"}],"wp:attachment":[{"href":"https:\/\/savae-gc.fr\/index.php?rest_route=%2Fwp%2Fv2%2Fmedia&parent=399"}],"curies":[{"name":"wp","href":"https:\/\/api.w.org\/{rel}","templated":true}]}}